{"id":2,"date":"2023-03-07T07:36:18","date_gmt":"2023-03-07T07:36:18","guid":{"rendered":"https:\/\/geladen.info\/?page_id=2"},"modified":"2023-03-08T19:28:42","modified_gmt":"2023-03-08T18:28:42","slug":"sample-page","status":"publish","type":"page","link":"https:\/\/geladen.info\/","title":{"rendered":"\u00dcber uns"},"content":{"rendered":"\n<p>Hallo da drau\u00dfen,<\/p>\n\n\n\n<p>Geladen.info wurde als private Seite zum Teilen unserer Interessen im Bereich Gaming sowie der entsprechenden Hardware ins Leben gerufen um so Gleichgesinnte zu finden und anzusprechen.<\/p>\n\n\n\n<p>Alles begann schon in unser Kindheit und wurde sp\u00e4ter in den Jahren 1999 und 2000 zu einem wichtigen Inhalt unseres t\u00e4glichen Lebens als Counter-Strike auf den Markt kam. Ende der 2000er wurde es dann wieder etwas ruhiger um die ganze Geschicht. Seit einigen Jahren brennt unsere Leidenschaft aber wieder f\u00fcr das Thema. Unsere Interessen haben sich sogar noch verst\u00e4rkt. War es fr\u00fcher haupts\u00e4chlich die Obsession f\u00fcr Shooter im Gaming sind es heute viel mehr Genres wie RPG inkl. MMOs, Globalstrategie und nat\u00fcrlich auch weiterhin unsere, schon immer geliebten, FPS.<\/p>\n\n\n\n<p>Aber Gaming ist nicht Alles.<\/p>\n\n\n\n<p>Sp\u00e4testens mit tieferem Einstieg ins Gaming kommt man irgendwann an den Punkt, an dem Hardware &#8222;von der Stange&#8220; nicht mehr reicht. Und hier setzt das Thema &#8222;Hardware&#8220; ein. Der erste Eigenbau bestand damals aus einem PC mit Pentium II Prozessor und Voodoo\u00b2 Grafikkarte. Seit dem sind aber schon viele, viele Jahre vergangen und es entstanden so einige PCs in Eigenregie, heute nat\u00fcrlich mit Custom-Wasserk\u00fchlung samt Hardtubes, RGB-Beleuchtung und Allem, woran fr\u00fcher nicht zu denken war. Aber nicht nur Gaming-PCs entstanden. Auch Homeserver, NAS usw. geh\u00f6ren inzwischen dazu, man wird ja schlie\u00dflich mit der Zeit bequem und m\u00f6chte so viel wie m\u00f6glich automatisieren.<\/p>\n","protected":false},"excerpt":{"rendered":"<p>Hallo da drau\u00dfen, Geladen.info wurde als private Seite zum Teilen unserer Interessen im Bereich Gaming sowie der entsprechenden Hardware ins Leben gerufen um so Gleichgesinnte zu finden und anzusprechen. Alles begann schon in unser Kindheit und wurde sp\u00e4ter in den Jahren 1999 und 2000 zu einem wichtigen Inhalt unseres t\u00e4glichen Lebens als Counter-Strike auf den &#8230; <a title=\"\u00dcber uns\" class=\"read-more\" href=\"https:\/\/geladen.info\/\" aria-label=\"Mehr Informationen \u00fcber \u00dcber uns\">Weiterlesen<\/a><\/p>\n","protected":false},"author":1,"featured_media":0,"parent":0,"menu_order":0,"comment_status":"closed","ping_status":"closed","template":"","meta":{"footnotes":""},"class_list":["post-2","page","type-page","status-publish"],"_links":{"self":[{"href":"https:\/\/geladen.info\/index.php\/wp-json\/wp\/v2\/pages\/2","targetHints":{"allow":["GET"]}}],"collection":[{"href":"https:\/\/geladen.info\/index.php\/wp-json\/wp\/v2\/pages"}],"about":[{"href":"https:\/\/geladen.info\/index.php\/wp-json\/wp\/v2\/types\/page"}],"author":[{"embeddable":true,"href":"https:\/\/geladen.info\/index.php\/wp-json\/wp\/v2\/users\/1"}],"replies":[{"embeddable":true,"href":"https:\/\/geladen.info\/index.php\/wp-json\/wp\/v2\/comments?post=2"}],"version-history":[{"count":0,"href":"https:\/\/geladen.info\/index.php\/wp-json\/wp\/v2\/pages\/2\/revisions"}],"wp:attachment":[{"href":"https:\/\/geladen.info\/index.php\/wp-json\/wp\/v2\/media?parent=2"}],"curies":[{"name":"wp","href":"https:\/\/api.w.org\/{rel}","templated":true}]}}