{"id":167,"date":"2023-11-22T23:51:11","date_gmt":"2023-11-22T22:51:11","guid":{"rendered":"https:\/\/geladen.info\/?page_id=167"},"modified":"2025-03-12T01:40:36","modified_gmt":"2025-03-12T00:40:36","slug":"hardware","status":"publish","type":"page","link":"https:\/\/geladen.info\/index.php\/hardware\/","title":{"rendered":"Hardware"},"content":{"rendered":"\n<p>Hier soll es mal darum gehen welche Hardware aktuell so im Einsatz ist, egal ob PC oder Konsole. Dabei liegt der Fokus speziell auf der Gaming-Hardware und alles zur Hausautomation oder Netzwerkspeicher soll au\u00dfen vor bleiben.<\/p>\n\n\n\n<p><\/p>\n\n\n\n<h2 class=\"wp-block-heading\">Gaming-PC und Periphere <\/h2>\n\n\n\n<p><strong>Geh\u00e4use:<\/strong> Corsair Frame 4000D<\/p>\n\n\n\n<p><strong>Mainboard:<\/strong> MSI MPG B550 Gaming Plus<\/p>\n\n\n\n<p><strong>Prozessor:<\/strong> AMD Ryzen 5 5600X<\/p>\n\n\n\n<p><strong>Arbeitsspeicher:<\/strong> Corsair Vengeance DDR4-3600 (32GB)<\/p>\n\n\n\n<p><strong>Grafikkarte:<\/strong> Gigabyte GeForce RTX 4070 Eagle OC mit Alphacool Eisblock Aurora Geforce RTX 4070 TI (ja der passt auf die normale 4070)<\/p>\n\n\n\n<p><strong>Speichermedien:<\/strong> WD_Black SN850X 1TB, Samsung 870QVO 2TB<\/p>\n\n\n\n<p><strong>Netzteil:<\/strong> be!quiet Straight Power 10 800W<\/p>\n\n\n\n<p><strong>K\u00fchlung:<\/strong> Aquacomputer cuplex kryos NEXT CPU-K\u00fchler, EK-CoolStream Classic SE 240mm Radiator, Alphacool NexXxoS ST30 Full Copper 360mm Radiator, EK-Quantum Kinetic Ausgleichsbeh\u00e4lter mit D5-Pumpe, Alphacool Hardtubes und Anschl\u00fcsse, 2x EK-Vardar 120mm L\u00fcfter (Top), 3x Corsair RS120 ARGB L\u00fcfter (Front) , Aqua Computer Quadro L\u00fcftersteuerung<\/p>\n\n\n\n<p><strong>Monitor:<\/strong> AOC Agon 32 Zoll curved WQHD, AOC 24 Zoll G4 FHD<\/p>\n\n\n\n<p><strong>Tastatur:<\/strong> Glorious GMMK Full Size mit Brown Switches und HyperX Keycaps <\/p>\n\n\n\n<p>               Glorious GMMK 2 Compact mit Red Switches und AKKO Keycaps<\/p>\n\n\n\n<p>               AKKO Monsgeek M1W V3 HE-SP mit Yello Magnetic Switches und SteelSeries sowie Ranked Keycaps<\/p>\n\n\n\n<p><strong>Maus:<\/strong> Razer Basilisk Ultimate<\/p>\n\n\n\n<p><strong>Headset \/ Kopfh\u00f6rer:<\/strong> umgebauter beyerdynamic TYGR 300R Kopfh\u00f6rer (festes Kabel gegen Klinken-Buchse ersetzt), beyerdynamic custom Headset Gear Mikrofon<\/p>\n\n\n\n<p><strong>Stuhl<\/strong>: Maxnomic Leader Executive<\/p>\n\n\n\n<hr class=\"wp-block-separator has-alpha-channel-opacity\"\/>\n\n\n\n<h2 class=\"wp-block-heading\">Konsolen <\/h2>\n\n\n\n<p>Sony PlayStation 5<\/p>\n\n\n\n<p>Nintendo Switch<\/p>\n\n\n\n<hr class=\"wp-block-separator has-alpha-channel-opacity\"\/>\n\n\n\n<h2 class=\"wp-block-heading\">Retro-Gaming<\/h2>\n\n\n\n<p>Sony PlayStation 1<\/p>\n\n\n\n<p>Atari 2600<\/p>\n","protected":false},"excerpt":{"rendered":"<p>Hier soll es mal darum gehen welche Hardware aktuell so im Einsatz ist, egal ob PC oder Konsole. Dabei liegt der Fokus speziell auf der Gaming-Hardware und alles zur Hausautomation oder Netzwerkspeicher soll au\u00dfen vor bleiben. Gaming-PC und Periphere Geh\u00e4use: Corsair Frame 4000D Mainboard: MSI MPG B550 Gaming Plus Prozessor: AMD Ryzen 5 5600X Arbeitsspeicher: &#8230; <a title=\"Hardware\" class=\"read-more\" href=\"https:\/\/geladen.info\/index.php\/hardware\/\" aria-label=\"Mehr Informationen \u00fcber Hardware\">Weiterlesen<\/a><\/p>\n","protected":false},"author":1,"featured_media":0,"parent":0,"menu_order":0,"comment_status":"closed","ping_status":"closed","template":"","meta":{"footnotes":""},"class_list":["post-167","page","type-page","status-publish"],"_links":{"self":[{"href":"https:\/\/geladen.info\/index.php\/wp-json\/wp\/v2\/pages\/167","targetHints":{"allow":["GET"]}}],"collection":[{"href":"https:\/\/geladen.info\/index.php\/wp-json\/wp\/v2\/pages"}],"about":[{"href":"https:\/\/geladen.info\/index.php\/wp-json\/wp\/v2\/types\/page"}],"author":[{"embeddable":true,"href":"https:\/\/geladen.info\/index.php\/wp-json\/wp\/v2\/users\/1"}],"replies":[{"embeddable":true,"href":"https:\/\/geladen.info\/index.php\/wp-json\/wp\/v2\/comments?post=167"}],"version-history":[{"count":0,"href":"https:\/\/geladen.info\/index.php\/wp-json\/wp\/v2\/pages\/167\/revisions"}],"wp:attachment":[{"href":"https:\/\/geladen.info\/index.php\/wp-json\/wp\/v2\/media?parent=167"}],"curies":[{"name":"wp","href":"https:\/\/api.w.org\/{rel}","templated":true}]}}